{"id":36153,"date":"2026-05-15T14:11:55","date_gmt":"2026-05-15T12:11:55","guid":{"rendered":"https:\/\/keplervision.eu\/ceo-blog\/"},"modified":"2026-05-15T14:12:09","modified_gmt":"2026-05-15T12:12:09","slug":"ceo-blog","status":"publish","type":"page","link":"https:\/\/keplervision.eu\/no\/ceo-blog\/","title":{"rendered":"CEO Blog"},"content":{"rendered":"<!--themify_builder_content-->\n<div id=\"themify_builder_content-36153\" data-postid=\"36153\" class=\"themify_builder_content themify_builder_content-36153 themify_builder tf_clear\">\n                    <div  data-css_id=\"7dmo773\" data-lazy=\"1\" class=\"module_row themify_builder_row fullwidth tb_7dmo773 tb_first tf_w\">\n                        <div class=\"row_inner col_align_middle gutter-none tb_col_count_2 tf_box tf_rel\">\n                        <div  data-lazy=\"1\" class=\"module_column tb-column col4-2 tb_l31c773 first\">\n                    <!-- module image -->\n<div  class=\"module module-image tb_krr0504 image-center circle  tf_mw\" data-lazy=\"1\">\n        <div class=\"image-wrap tf_rel tf_mw\">\n            <img loading=\"lazy\" decoding=\"async\" src=\"https:\/\/keplervision.eu\/wp-content\/uploads\/2024\/11\/harro-team-1-250x250.jpg\" width=\"250\" height=\"250\" class=\"wp-post-image wp-image-36152\" title=\"harro-stokman\" alt=\"harro-stokman\" srcset=\"https:\/\/keplervision.eu\/wp-content\/uploads\/2024\/11\/harro-team-1-250x250.jpg 250w, https:\/\/keplervision.eu\/wp-content\/uploads\/2024\/11\/harro-team-1-300x300.jpg 300w, https:\/\/keplervision.eu\/wp-content\/uploads\/2024\/11\/harro-team-1-150x150.jpg 150w, https:\/\/keplervision.eu\/wp-content\/uploads\/2024\/11\/harro-team-1.jpg 500w\" sizes=\"auto, (max-width: 250px) 100vw, 250px\" \/>    \n        <\/div>\n    <!-- \/image-wrap -->\n    \n        <\/div>\n<!-- \/module image -->        <\/div>\n                    <div  data-lazy=\"1\" class=\"module_column tb-column col4-2 tb_tqfi773 last\">\n                    <!-- module text -->\n<div  class=\"module module-text tb_nnaq773   \" data-lazy=\"1\">\n        <div  class=\"tb_text_wrap\">\n        <h1>CEO BLOGG<\/h1>    <\/div>\n<\/div>\n<!-- \/module text --><!-- module text -->\n<div  class=\"module module-text tb_5wzk773   \" data-lazy=\"1\">\n        <div  class=\"tb_text_wrap\">\n        \n\n\n\n\n\n\n\n<p class=\"p1\">\u00c5 kj\u00f8pe programvaren v\u00e5r eller bli integrasjonspartner med Kepler er en fler\u00e5rig forpliktelse. Det kan ikke sammenlignes med \u00e5 kj\u00f8pe en haug med bananer. Det er mer som \u00e5 velge videreg\u00e5ende skole for ditt f\u00f8rste barn. Det gj\u00f8r du med ekstrem forsiktighet.   <\/p>\n<p class=\"p1\">P\u00e5 de andre sidene p\u00e5 dette nettstedet finner du informasjon om programvaren v\u00e5r og selskapet v\u00e5rt. Nettsidene er utformet slik at du kan bla raskt gjennom dem, og innholdet er optimalisert for s\u00f8kemotorer. Men hvis jeg var deg, ville jeg i tillegg ha behov for dybdeinformasjon i form av en long-read.  <\/p>\n<p><span style=\"font-size: 1em;\">Det er derfor jeg skriver disse CEO-bloggene. Jeg skriver dem for deg, slik jeg selv \u00f8nsker \u00e5 motta informasjon n\u00e5r jeg skal inng\u00e5 et langsiktig engasjement. Bloggene mine er derfor ikke vurdert ut fra juss eller markedsf\u00f8ring.  <br><\/span><span style=\"font-style: italic; color: rgb(0, 0, 0); font-family: \"Open Sans\"; font-size: 18px; letter-spacing: -0.03em;\"><br>Dr. Harro Stokman, administrerende direkt\u00f8r og grunnlegger av Kepler Vision Technologies.<\/span><\/p>    <\/div>\n<\/div>\n<!-- \/module text -->        <\/div>\n                        <\/div>\n        <\/div>\n                        <div  data-lazy=\"1\" class=\"module_row themify_builder_row tb_1rpq068 tf_w\">\n                        <div class=\"row_inner col_align_top tb_col_count_1 tf_box tf_rel\">\n                        <div  data-lazy=\"1\" class=\"module_column tb-column col-full tb_p98c067 first\">\n                    <!-- module post -->\n<div  class=\"module module-post tb_szmn190 \">\n    <div  class=\"builder-posts-wrap loops-wrapper grid3 masonry boxed classic tf_rel tf_clear tf_clearfix\" data-lazy=\"1\">\n        <\/div><!-- .builder-posts-wrap -->\n                                                <\/div>\n<!-- \/module post -->\n            <\/div>\n                        <\/div>\n        <\/div>\n        <\/div>\n<!--\/themify_builder_content-->","protected":false},"excerpt":{"rendered":"<p>CEO BLOGG \u00c5 kj\u00f8pe programvaren v\u00e5r eller bli integrasjonspartner med Kepler er en fler\u00e5rig forpliktelse. Det kan ikke sammenlignes med \u00e5 kj\u00f8pe en haug med bananer. Det er mer som \u00e5 velge videreg\u00e5ende skole for ditt f\u00f8rste barn. Det gj\u00f8r du med ekstrem forsiktighet. P\u00e5 de andre sidene p\u00e5 dette nettstedet finner du informasjon om [&hellip;]<\/p>\n","protected":false},"author":2,"featured_media":36152,"parent":0,"menu_order":0,"comment_status":"closed","ping_status":"closed","template":"","meta":{"_improvement_type_select":"improve_an_existing","_thumb_yes_seoaic":false,"_frame_yes_seoaic":false,"seoaic_generate_description":"","seoaic_improve_instructions_prompt":"","seoaic_rollback_content_improvement":"","seoaic_idea_thumbnail_generator":"","thumbnail_generated":false,"thumbnail_generate_prompt":"","seoaic_article_description":"","footnotes":""},"class_list":["post-36153","page","type-page","status-publish","has-post-thumbnail","hentry","has-post-title","has-post-date","has-post-category","has-post-tag","has-post-comment","has-post-author",""],"yoast_head":"<!-- This site is optimized with the Yoast SEO plugin v27.5 - https:\/\/yoast.com\/product\/yoast-seo-wordpress\/ -->\n<title>CEO Blog | Kepler Vision Technologies<\/title>\n<meta name=\"description\" content=\"\u00c5 kj\u00f8pe programvaren v\u00e5r eller bli integrasjonspartner med Kepler er en fler\u00e5rig forpliktelse. Det er ikke som \u00e5 kj\u00f8pe en bananklase.\" \/>\n<meta name=\"robots\" content=\"index, follow, max-snippet:-1, max-image-preview:large, max-video-preview:-1\" \/>\n<link rel=\"canonical\" href=\"https:\/\/keplervision.eu\/no\/ceo-blog\/\" \/>\n<meta property=\"og:locale\" content=\"nb_NO\" \/>\n<meta property=\"og:type\" content=\"article\" \/>\n<meta property=\"og:title\" content=\"CEO Blog | Kepler Vision Technologies\" \/>\n<meta property=\"og:description\" content=\"\u00c5 kj\u00f8pe programvaren v\u00e5r eller bli integrasjonspartner med Kepler er en fler\u00e5rig forpliktelse. Det er ikke som \u00e5 kj\u00f8pe en bananklase.\" \/>\n<meta property=\"og:url\" content=\"https:\/\/keplervision.eu\/no\/ceo-blog\/\" \/>\n<meta property=\"og:site_name\" content=\"Kepler Vision Technologies\" \/>\n<meta property=\"article:modified_time\" content=\"2026-05-15T12:12:09+00:00\" \/>\n<meta property=\"og:image\" content=\"https:\/\/keplervision.eu\/wp-content\/uploads\/2024\/11\/harro-team-1.jpg\" \/>\n\t<meta property=\"og:image:width\" content=\"500\" \/>\n\t<meta property=\"og:image:height\" content=\"500\" \/>\n\t<meta property=\"og:image:type\" content=\"image\/jpeg\" \/>\n<meta name=\"twitter:card\" content=\"summary_large_image\" \/>\n<meta name=\"twitter:label1\" content=\"Ansl. lesetid\" \/>\n\t<meta name=\"twitter:data1\" content=\"1 minutt\" \/>\n<script type=\"application\/ld+json\" class=\"yoast-schema-graph\">{\"@context\":\"https:\\\/\\\/schema.org\",\"@graph\":[{\"@type\":\"WebPage\",\"@id\":\"https:\\\/\\\/keplervision.eu\\\/no\\\/ceo-blog\\\/\",\"url\":\"https:\\\/\\\/keplervision.eu\\\/no\\\/ceo-blog\\\/\",\"name\":\"CEO Blog | Kepler Vision Technologies\",\"isPartOf\":{\"@id\":\"https:\\\/\\\/keplervision.eu\\\/no\\\/#website\"},\"primaryImageOfPage\":{\"@id\":\"https:\\\/\\\/keplervision.eu\\\/no\\\/ceo-blog\\\/#primaryimage\"},\"image\":{\"@id\":\"https:\\\/\\\/keplervision.eu\\\/no\\\/ceo-blog\\\/#primaryimage\"},\"thumbnailUrl\":\"https:\\\/\\\/keplervision.eu\\\/wp-content\\\/uploads\\\/2024\\\/11\\\/harro-team-1.jpg\",\"datePublished\":\"2026-05-15T12:11:55+00:00\",\"dateModified\":\"2026-05-15T12:12:09+00:00\",\"description\":\"\u00c5 kj\u00f8pe programvaren v\u00e5r eller bli integrasjonspartner med Kepler er en fler\u00e5rig forpliktelse. Det er ikke som \u00e5 kj\u00f8pe en bananklase.\",\"breadcrumb\":{\"@id\":\"https:\\\/\\\/keplervision.eu\\\/no\\\/ceo-blog\\\/#breadcrumb\"},\"inLanguage\":\"nb-NO\",\"potentialAction\":[{\"@type\":\"ReadAction\",\"target\":[\"https:\\\/\\\/keplervision.eu\\\/no\\\/ceo-blog\\\/\"]}]},{\"@type\":\"ImageObject\",\"inLanguage\":\"nb-NO\",\"@id\":\"https:\\\/\\\/keplervision.eu\\\/no\\\/ceo-blog\\\/#primaryimage\",\"url\":\"https:\\\/\\\/keplervision.eu\\\/wp-content\\\/uploads\\\/2024\\\/11\\\/harro-team-1.jpg\",\"contentUrl\":\"https:\\\/\\\/keplervision.eu\\\/wp-content\\\/uploads\\\/2024\\\/11\\\/harro-team-1.jpg\",\"width\":500,\"height\":500,\"caption\":\"harro-stokman\"},{\"@type\":\"BreadcrumbList\",\"@id\":\"https:\\\/\\\/keplervision.eu\\\/no\\\/ceo-blog\\\/#breadcrumb\",\"itemListElement\":[{\"@type\":\"ListItem\",\"position\":1,\"name\":\"Home\",\"item\":\"https:\\\/\\\/keplervision.eu\\\/no\\\/kepler-vision-technologies\\\/\"},{\"@type\":\"ListItem\",\"position\":2,\"name\":\"CEO Blog\"}]},{\"@type\":\"WebSite\",\"@id\":\"https:\\\/\\\/keplervision.eu\\\/no\\\/#website\",\"url\":\"https:\\\/\\\/keplervision.eu\\\/no\\\/\",\"name\":\"Kepler Vision Technologies\",\"description\":\"TRUSTED, PROVEN TECHNOLOGIES SECURING CARE AVAILABILITY\",\"potentialAction\":[{\"@type\":\"SearchAction\",\"target\":{\"@type\":\"EntryPoint\",\"urlTemplate\":\"https:\\\/\\\/keplervision.eu\\\/no\\\/?s={search_term_string}\"},\"query-input\":{\"@type\":\"PropertyValueSpecification\",\"valueRequired\":true,\"valueName\":\"search_term_string\"}}],\"inLanguage\":\"nb-NO\"}]}<\/script>\n<!-- \/ Yoast SEO plugin. -->","yoast_head_json":{"title":"CEO Blog | Kepler Vision Technologies","description":"\u00c5 kj\u00f8pe programvaren v\u00e5r eller bli integrasjonspartner med Kepler er en fler\u00e5rig forpliktelse. Det er ikke som \u00e5 kj\u00f8pe en bananklase.","robots":{"index":"index","follow":"follow","max-snippet":"max-snippet:-1","max-image-preview":"max-image-preview:large","max-video-preview":"max-video-preview:-1"},"canonical":"https:\/\/keplervision.eu\/no\/ceo-blog\/","og_locale":"nb_NO","og_type":"article","og_title":"CEO Blog | Kepler Vision Technologies","og_description":"\u00c5 kj\u00f8pe programvaren v\u00e5r eller bli integrasjonspartner med Kepler er en fler\u00e5rig forpliktelse. Det er ikke som \u00e5 kj\u00f8pe en bananklase.","og_url":"https:\/\/keplervision.eu\/no\/ceo-blog\/","og_site_name":"Kepler Vision Technologies","article_modified_time":"2026-05-15T12:12:09+00:00","og_image":[{"width":500,"height":500,"url":"https:\/\/keplervision.eu\/wp-content\/uploads\/2024\/11\/harro-team-1.jpg","type":"image\/jpeg"}],"twitter_card":"summary_large_image","twitter_misc":{"Ansl. lesetid":"1 minutt"},"schema":{"@context":"https:\/\/schema.org","@graph":[{"@type":"WebPage","@id":"https:\/\/keplervision.eu\/no\/ceo-blog\/","url":"https:\/\/keplervision.eu\/no\/ceo-blog\/","name":"CEO Blog | Kepler Vision Technologies","isPartOf":{"@id":"https:\/\/keplervision.eu\/no\/#website"},"primaryImageOfPage":{"@id":"https:\/\/keplervision.eu\/no\/ceo-blog\/#primaryimage"},"image":{"@id":"https:\/\/keplervision.eu\/no\/ceo-blog\/#primaryimage"},"thumbnailUrl":"https:\/\/keplervision.eu\/wp-content\/uploads\/2024\/11\/harro-team-1.jpg","datePublished":"2026-05-15T12:11:55+00:00","dateModified":"2026-05-15T12:12:09+00:00","description":"\u00c5 kj\u00f8pe programvaren v\u00e5r eller bli integrasjonspartner med Kepler er en fler\u00e5rig forpliktelse. Det er ikke som \u00e5 kj\u00f8pe en bananklase.","breadcrumb":{"@id":"https:\/\/keplervision.eu\/no\/ceo-blog\/#breadcrumb"},"inLanguage":"nb-NO","potentialAction":[{"@type":"ReadAction","target":["https:\/\/keplervision.eu\/no\/ceo-blog\/"]}]},{"@type":"ImageObject","inLanguage":"nb-NO","@id":"https:\/\/keplervision.eu\/no\/ceo-blog\/#primaryimage","url":"https:\/\/keplervision.eu\/wp-content\/uploads\/2024\/11\/harro-team-1.jpg","contentUrl":"https:\/\/keplervision.eu\/wp-content\/uploads\/2024\/11\/harro-team-1.jpg","width":500,"height":500,"caption":"harro-stokman"},{"@type":"BreadcrumbList","@id":"https:\/\/keplervision.eu\/no\/ceo-blog\/#breadcrumb","itemListElement":[{"@type":"ListItem","position":1,"name":"Home","item":"https:\/\/keplervision.eu\/no\/kepler-vision-technologies\/"},{"@type":"ListItem","position":2,"name":"CEO Blog"}]},{"@type":"WebSite","@id":"https:\/\/keplervision.eu\/no\/#website","url":"https:\/\/keplervision.eu\/no\/","name":"Kepler Vision Technologies","description":"TRUSTED, PROVEN TECHNOLOGIES SECURING CARE AVAILABILITY","potentialAction":[{"@type":"SearchAction","target":{"@type":"EntryPoint","urlTemplate":"https:\/\/keplervision.eu\/no\/?s={search_term_string}"},"query-input":{"@type":"PropertyValueSpecification","valueRequired":true,"valueName":"search_term_string"}}],"inLanguage":"nb-NO"}]}},"builder_content":"<img src=\"https:\/\/keplervision.eu\/wp-content\/uploads\/2024\/11\/harro-team-1-250x250.jpg\" width=\"250\" height=\"250\" title=\"harro-stokman\" alt=\"harro-stokman\" srcset=\"https:\/\/keplervision.eu\/wp-content\/uploads\/2024\/11\/harro-team-1-250x250.jpg 250w, https:\/\/keplervision.eu\/wp-content\/uploads\/2024\/11\/harro-team-1-300x300.jpg 300w, https:\/\/keplervision.eu\/wp-content\/uploads\/2024\/11\/harro-team-1-150x150.jpg 150w, https:\/\/keplervision.eu\/wp-content\/uploads\/2024\/11\/harro-team-1.jpg 500w\" sizes=\"(max-width: 250px) 100vw, 250px\" \/>\n<h1>CEO BLOGG<\/h1>\n<p>\u00c5 kj\u00f8pe programvaren v\u00e5r eller bli integrasjonspartner med Kepler er en fler\u00e5rig forpliktelse. Det kan ikke sammenlignes med \u00e5 kj\u00f8pe en haug med bananer. Det er mer som \u00e5 velge videreg\u00e5ende skole for ditt f\u00f8rste barn. Det gj\u00f8r du med ekstrem forsiktighet. <\/p> <p>P\u00e5 de andre sidene p\u00e5 dette nettstedet finner du informasjon om programvaren v\u00e5r og selskapet v\u00e5rt. Nettsidene er utformet slik at du kan bla raskt gjennom dem, og innholdet er optimalisert for s\u00f8kemotorer. Men hvis jeg var deg, ville jeg i tillegg ha behov for dybdeinformasjon i form av en long-read. <\/p> <p>Det er derfor jeg skriver disse CEO-bloggene. Jeg skriver dem for deg, slik jeg selv \u00f8nsker \u00e5 motta informasjon n\u00e5r jeg skal inng\u00e5 et langsiktig engasjement. Bloggene mine er derfor ikke vurdert ut fra juss eller markedsf\u00f8ring. <br><br>Dr. Harro Stokman, administrerende direkt\u00f8r og grunnlegger av Kepler Vision Technologies.<\/p>","_links":{"self":[{"href":"https:\/\/keplervision.eu\/no\/wp-json\/wp\/v2\/pages\/36153","targetHints":{"allow":["GET"]}}],"collection":[{"href":"https:\/\/keplervision.eu\/no\/wp-json\/wp\/v2\/pages"}],"about":[{"href":"https:\/\/keplervision.eu\/no\/wp-json\/wp\/v2\/types\/page"}],"author":[{"embeddable":true,"href":"https:\/\/keplervision.eu\/no\/wp-json\/wp\/v2\/users\/2"}],"replies":[{"embeddable":true,"href":"https:\/\/keplervision.eu\/no\/wp-json\/wp\/v2\/comments?post=36153"}],"version-history":[{"count":2,"href":"https:\/\/keplervision.eu\/no\/wp-json\/wp\/v2\/pages\/36153\/revisions"}],"predecessor-version":[{"id":36156,"href":"https:\/\/keplervision.eu\/no\/wp-json\/wp\/v2\/pages\/36153\/revisions\/36156"}],"wp:featuredmedia":[{"embeddable":true,"href":"https:\/\/keplervision.eu\/no\/wp-json\/wp\/v2\/media\/36152"}],"wp:attachment":[{"href":"https:\/\/keplervision.eu\/no\/wp-json\/wp\/v2\/media?parent=36153"}],"curies":[{"name":"wp","href":"https:\/\/api.w.org\/{rel}","templated":true}]}}